{"id":2390,"date":"2025-06-16T07:37:53","date_gmt":"2025-06-16T07:37:53","guid":{"rendered":"http:\/\/localhost\/wordpress\/?page_id=2390"},"modified":"2026-01-05T12:41:57","modified_gmt":"2026-01-05T12:41:57","slug":"cookies","status":"publish","type":"page","link":"http:\/\/cmw.pt\/pt\/cookies\/","title":{"rendered":"Cookies"},"content":{"rendered":"<div data-elementor-type=\"wp-page\" data-elementor-id=\"2390\" class=\"elementor elementor-2390\">\n\t\t\t\t\t\t<section class=\"elementor-section elementor-top-section elementor-element elementor-element-f58afeb elementor-section-boxed elementor-section-height-default elementor-section-height-default\" data-id=\"f58afeb\" data-element_type=\"section\" data-settings=\"{&quot;wdt_bg_image&quot;:{&quot;url&quot;:&quot;&quot;,&quot;id&quot;:&quot;&quot;,&quot;size&quot;:&quot;&quot;},&quot;wdt_bg_image_tablet&quot;:{&quot;url&quot;:&quot;&quot;,&quot;id&quot;:&quot;&quot;,&quot;size&quot;:&quot;&quot;},&quot;wdt_bg_image_mobile&quot;:{&quot;url&quot;:&quot;&quot;,&quot;id&quot;:&quot;&quot;,&quot;size&quot;:&quot;&quot;},&quot;wdt_bg_position&quot;:&quot;center center&quot;,&quot;wdt_animation_effect&quot;:&quot;none&quot;}\">\n\t\t\t\t\t\t<div class=\"elementor-container elementor-column-gap-default\">\n\t\t\t\t\t<div class=\"elementor-column elementor-col-100 elementor-top-column elementor-element elementor-element-d48f73f\" data-id=\"d48f73f\" data-element_type=\"column\">\n\t\t\t<div class=\"elementor-widget-wrap elementor-element-populated\">\n\t\t\t\t\t\t<div class=\"elementor-element elementor-element-4ca7846 elementor-widget elementor-widget-text-editor\" data-id=\"4ca7846\" data-element_type=\"widget\" data-settings=\"{&quot;wdt_animation_effect&quot;:&quot;none&quot;}\" data-widget_type=\"text-editor.default\">\n\t\t\t\t<div class=\"elementor-widget-container\">\n\t\t\t\t\t\t\t\t\t<p>Este website utiliza cookies no portal. Ao navegar, est\u00e1 a aceitar a presente pol\u00edtica e a consequente utiliza\u00e7\u00e3o de cookies de acordo com as condi\u00e7\u00f5es descritas.<\/p><p>\u00a0<\/p><h5><span style=\"color: #000000;\"><strong><span class=\"cor-laranja\">O que s\u00e3o e para que\u00a0<\/span><\/strong><strong><span class=\"cor-laranja\">servem<\/span><\/strong><strong><span class=\"cor-laranja\">\u00a0os cookies?<\/span><\/strong><\/span><\/h5><p>Os cookies s\u00e3o pequenos ficheiros de informa\u00e7\u00e3o que ficam guardados no seu computador, tablet, telefone ou outro dispositivo com acesso \u00e0 Internet, atrav\u00e9s do navegador (browser). As informa\u00e7\u00f5es retidas pelos cookies s\u00e3o re-enviadas ao servidor do site sempre que o browser abre uma das suas p\u00e1ginas.<\/p><p>Os cookies ajudam a determinar a utilidade, o interesse e as utiliza\u00e7\u00f5es de um site, permitindo uma navega\u00e7\u00e3o mais r\u00e1pida e eficiente. Evitam a introdu\u00e7\u00e3o repetida das mesmas informa\u00e7\u00f5es.<\/p><p>\u00a0<\/p><h5><span class=\"cor-laranja\" style=\"color: #000000;\"><strong>Que tipo de cookies utilizamos no portal?<\/strong><\/span><\/h5><p>Existem dois tipos principais de cookies: os de sess\u00e3o e os permanentes. Os cookies de sess\u00e3o s\u00e3o tempor\u00e1rios e permanecem no arquivo de cookies at\u00e9 o utilizador sair do site, pelo que s\u00e3o apagados quando fecha o browser. A informa\u00e7\u00e3o obtida serve para analisar padr\u00f5es de tr\u00e1fego, o que facilita a identifica\u00e7\u00e3o de problemas. J\u00e1 os cookies permanentes ficam guardados at\u00e9 o utilizador apag\u00e1-los manualmente ou a data de validade expirar. S\u00e3o utilizados sempre que o utilizador faz uma nova visita ao site para um servi\u00e7o mais personalizado, ajustando a navega\u00e7\u00e3o aos seus interesses.<\/p><p>Destes, utilizamos cookies para v\u00e1rias finalidades. Os cookies anal\u00edticos s\u00e3o utilizados anonimamente para efeitos estat\u00edsticos. Os cookies de funcionalidade guardam as prefer\u00eancias do utilizador. Os cookies de terceiros medem o sucesso de aplica\u00e7\u00f5es e podem ser utilizados para personalizar bot\u00f5es, menus, \u00edcones e outras componentes de interface gr\u00e1fica com dados do utilizador (denominados widgets).<\/p><p>N\u00e3o armazenamos informa\u00e7\u00e3o de identifica\u00e7\u00e3o pessoal nos cookies que utilizamos. Tamb\u00e9m n\u00e3o usamos os cookies para direcionar publicidade aos nossos utilizadores em fun\u00e7\u00e3o da sua navega\u00e7\u00e3o, nem para outros fins publicit\u00e1rios pr\u00f3prios ou de terceiros.<\/p><p>\u00a0<\/p><h5><span style=\"color: #000000;\"><strong><span class=\"cor-laranja\">Como gerir os cookies?<\/span><\/strong><\/span><\/h5><p>Todos os browsers permitem ao utilizador aceitar, recusar ou apagar cookies em qualquer altura, configurando as defini\u00e7\u00f5es apropriadas no respetivo programa de navega\u00e7\u00e3o. Pode configurar os cookies no menu \u201cop\u00e7\u00f5es\u201d ou \u201cprefer\u00eancias\u201d do seu browser.<\/p><p>Note-se que ao desativar cookies, perde o preenchimento autom\u00e1tico de alguns dados, como os de login. Al\u00e9m disso, pode impedir que alguns servi\u00e7os online funcionem corretamente, afetando a navega\u00e7\u00e3o no site.<\/p><p>\u00a0<\/p><h5><span class=\"cor-laranja\" style=\"color: #000000;\">Mais informa\u00e7\u00e3o:<\/span><\/h5><p>Para saber mais sobre cookies, consulte o seguinte link (em vers\u00e3o inglesa):<\/p><p><span style=\"color: #3366ff;\"><a style=\"color: #3366ff;\" href=\"http:\/\/www.allaboutcookies.org\/\">Tudo Sobre Cookies<\/a><\/span><\/p>\t\t\t\t\t\t\t\t<\/div>\n\t\t\t\t<\/div>\n\t\t\t\t\t<\/div>\n\t\t<\/div>\n\t\t\t\t\t<\/div>\n\t\t<\/section>\n\t\t\t\t<\/div>","protected":false},"excerpt":{"rendered":"<p>This website uses cookies on the portal. When browsing you\u2019re accepting this policy and the consequent use of cookies in accordance with the described conditions. \u00a0 What are and for what\u00a0serve\u00a0the cookies? Cookies are small data files of information that are stored on your computer, tablet, phone or other device internet access through the browser. [&hellip;]<\/p>","protected":false},"author":1,"featured_media":0,"parent":0,"menu_order":2,"comment_status":"closed","ping_status":"closed","template":"","meta":{"footnotes":""},"class_list":["post-2390","page","type-page","status-publish","hentry"],"aioseo_notices":[],"_links":{"self":[{"href":"http:\/\/cmw.pt\/pt\/wp-json\/wp\/v2\/pages\/2390","targetHints":{"allow":["GET"]}}],"collection":[{"href":"http:\/\/cmw.pt\/pt\/wp-json\/wp\/v2\/pages"}],"about":[{"href":"http:\/\/cmw.pt\/pt\/wp-json\/wp\/v2\/types\/page"}],"author":[{"embeddable":true,"href":"http:\/\/cmw.pt\/pt\/wp-json\/wp\/v2\/users\/1"}],"replies":[{"embeddable":true,"href":"http:\/\/cmw.pt\/pt\/wp-json\/wp\/v2\/comments?post=2390"}],"version-history":[{"count":55,"href":"http:\/\/cmw.pt\/pt\/wp-json\/wp\/v2\/pages\/2390\/revisions"}],"predecessor-version":[{"id":5709,"href":"http:\/\/cmw.pt\/pt\/wp-json\/wp\/v2\/pages\/2390\/revisions\/5709"}],"wp:attachment":[{"href":"http:\/\/cmw.pt\/pt\/wp-json\/wp\/v2\/media?parent=2390"}],"curies":[{"name":"wp","href":"https:\/\/api.w.org\/{rel}","templated":true}]}}